{"id":111,"date":"2019-10-03T09:02:18","date_gmt":"2019-10-03T09:02:18","guid":{"rendered":"https:\/\/oxilive.com.mx\/index.php\/contact-us\/"},"modified":"2022-05-02T18:46:53","modified_gmt":"2022-05-02T18:46:53","slug":"contacto-con-nosotros","status":"publish","type":"page","link":"https:\/\/oxilive.com.mx\/index.php\/contacto-con-nosotros\/","title":{"rendered":"Contacto"},"content":{"rendered":"\t\t<div data-elementor-type=\"wp-page\" data-elementor-id=\"111\" class=\"elementor elementor-111\">\n\t\t\t\t\t\t<header class=\"elementor-section elementor-top-section elementor-element elementor-element-1d7aedd9 elementor-section-height-min-height elementor-section-boxed elementor-section-height-default elementor-section-items-middle\" data-id=\"1d7aedd9\" data-element_type=\"section\" data-settings=\"{&quot;background_background&quot;:&quot;classic&quot;,&quot;shape_divider_bottom&quot;:&quot;arrow&quot;,&quot;shape_divider_bottom_negative&quot;:&quot;yes&quot;}\">\n\t\t\t\t\t\t\t<div class=\"elementor-background-overlay\"><\/div>\n\t\t\t\t\t\t<div class=\"elementor-shape elementor-shape-bottom\" data-negative=\"true\">\n\t\t\t<svg xmlns=\"http:\/\/www.w3.org\/2000\/svg\" viewBox=\"0 0 700 10\" preserveAspectRatio=\"none\">\n\t<path class=\"elementor-shape-fill\" d=\"M360 0L350 9.9 340 0 0 0 0 10 700 10 700 0\"\/>\n<\/svg>\t\t<\/div>\n\t\t\t\t\t<div class=\"elementor-container elementor-column-gap-no\">\n\t\t\t\t\t<div class=\"aux-parallax-section elementor-column elementor-col-100 elementor-top-column elementor-element elementor-element-1e2a5ee5\" data-id=\"1e2a5ee5\" data-element_type=\"column\">\n\t\t\t<div class=\"elementor-widget-wrap elementor-element-populated\">\n\t\t\t\t\t\t<div class=\"elementor-element elementor-element-f80f770 elementor-invisible elementor-widget elementor-widget-text-editor\" data-id=\"f80f770\" data-element_type=\"widget\" data-settings=\"{&quot;_animation&quot;:&quot;fadeInDown&quot;}\" data-widget_type=\"text-editor.default\">\n\t\t\t\t<div class=\"elementor-widget-container\">\n\t\t\t\t\t\t\t<p>gracias por tu visita<\/p>\t\t\t\t\t\t<\/div>\n\t\t\t\t<\/div>\n\t\t\t\t<div class=\"elementor-element elementor-element-695569c6 elementor-invisible elementor-widget elementor-widget-heading\" data-id=\"695569c6\" data-element_type=\"widget\" data-settings=\"{&quot;_animation&quot;:&quot;fadeInUp&quot;}\" data-widget_type=\"heading.default\">\n\t\t\t\t<div class=\"elementor-widget-container\">\n\t\t\t<h1 class=\"elementor-heading-title elementor-size-default\">Cont\u00e1ctanos<\/h1>\t\t<\/div>\n\t\t\t\t<\/div>\n\t\t\t\t<div class=\"elementor-element elementor-element-72f5eaf0 elementor-hidden-phone elementor-widget elementor-widget-text-editor\" data-id=\"72f5eaf0\" data-element_type=\"widget\" data-widget_type=\"text-editor.default\">\n\t\t\t\t<div class=\"elementor-widget-container\">\n\t\t\t\t\t\t\t<p>Puedes enviarnos tus dudas o comentarios por los distintos canales de comunicaci\u00f3n<\/p>\t\t\t\t\t\t<\/div>\n\t\t\t\t<\/div>\n\t\t\t\t\t<\/div>\n\t\t<\/div>\n\t\t\t\t\t<\/div>\n\t\t<\/header>\n\t\t\t\t<section class=\"elementor-section elementor-top-section elementor-element elementor-element-340fe4d elementor-section-content-middle elementor-reverse-mobile elementor-section-boxed elementor-section-height-default elementor-section-height-default\" data-id=\"340fe4d\" data-element_type=\"section\" data-settings=\"{&quot;background_background&quot;:&quot;classic&quot;}\">\n\t\t\t\t\t\t<div class=\"elementor-container elementor-column-gap-extended\">\n\t\t\t\t\t<div class=\"aux-parallax-section elementor-column elementor-col-50 elementor-top-column elementor-element elementor-element-66f4a5cd\" data-id=\"66f4a5cd\" data-element_type=\"column\">\n\t\t\t<div class=\"elementor-widget-wrap elementor-element-populated\">\n\t\t\t\t\t\t<div class=\"elementor-element elementor-element-4b770c93 elementor-invisible elementor-widget elementor-widget-google_maps\" data-id=\"4b770c93\" data-element_type=\"widget\" data-settings=\"{&quot;_animation&quot;:&quot;fadeIn&quot;}\" data-widget_type=\"google_maps.default\">\n\t\t\t\t<div class=\"elementor-widget-container\">\n\t\t\t\t\t<div class=\"elementor-custom-embed\">\n\t\t\t<iframe loading=\"lazy\"\n\t\t\t\t\tsrc=\"https:\/\/maps.google.com\/maps?q=%20Villa%20Guerrero%20227%2C%20Atlacomulco%2C%2057600%20Nezahualc%C3%B3yotl%2C%20M%C3%A9x&#038;t=m&#038;z=15&#038;output=embed&#038;iwloc=near\"\n\t\t\t\t\ttitle=\" Villa Guerrero 227, Atlacomulco, 57600 Nezahualc\u00f3yotl, M\u00e9x\"\n\t\t\t\t\taria-label=\" Villa Guerrero 227, Atlacomulco, 57600 Nezahualc\u00f3yotl, M\u00e9x\"\n\t\t\t><\/iframe>\n\t\t<\/div>\n\t\t\t\t<\/div>\n\t\t\t\t<\/div>\n\t\t\t\t\t<\/div>\n\t\t<\/div>\n\t\t\t\t<div class=\"aux-parallax-section elementor-column elementor-col-50 elementor-top-column elementor-element elementor-element-4844af11\" data-id=\"4844af11\" data-element_type=\"column\">\n\t\t\t<div class=\"elementor-widget-wrap elementor-element-populated\">\n\t\t\t\t\t\t<div class=\"elementor-element elementor-element-49f2490c elementor-invisible elementor-widget elementor-widget-text-editor\" data-id=\"49f2490c\" data-element_type=\"widget\" data-settings=\"{&quot;_animation&quot;:&quot;fadeInDown&quot;}\" data-widget_type=\"text-editor.default\">\n\t\t\t\t<div class=\"elementor-widget-container\">\n\t\t\t\t\t\t\t<p>OXIlive m\u00e9xico<\/p>\t\t\t\t\t\t<\/div>\n\t\t\t\t<\/div>\n\t\t\t\t<div class=\"elementor-element elementor-element-5bfc2d20 elementor-invisible elementor-widget elementor-widget-heading\" data-id=\"5bfc2d20\" data-element_type=\"widget\" data-settings=\"{&quot;_animation&quot;:&quot;fadeInUp&quot;}\" data-widget_type=\"heading.default\">\n\t\t\t\t<div class=\"elementor-widget-container\">\n\t\t\t<h2 class=\"elementor-heading-title elementor-size-default\">Ox\u00edgeno Medicinal <br> A Domicilio<\/h2>\t\t<\/div>\n\t\t\t\t<\/div>\n\t\t\t\t<div class=\"elementor-element elementor-element-15293d41 elementor-widget elementor-widget-text-editor\" data-id=\"15293d41\" data-element_type=\"widget\" data-widget_type=\"text-editor.default\">\n\t\t\t\t<div class=\"elementor-widget-container\">\n\t\t\t\t\t\t\t<p>Daremos seguimiento y respuesta a cualquier duda o problema que tengas durante tu proceso de compra o servicio.<\/p>\t\t\t\t\t\t<\/div>\n\t\t\t\t<\/div>\n\t\t\t\t<div class=\"elementor-element elementor-element-3809e322 elementor-align-left elementor-icon-list--layout-traditional elementor-list-item-link-full_width elementor-widget elementor-widget-icon-list\" data-id=\"3809e322\" data-element_type=\"widget\" data-widget_type=\"icon-list.default\">\n\t\t\t\t<div class=\"elementor-widget-container\">\n\t\t\t\t\t<ul class=\"elementor-icon-list-items\">\n\t\t\t\t\t\t\t<li class=\"elementor-icon-list-item\">\n\t\t\t\t\t\t\t\t\t\t\t<span class=\"elementor-icon-list-icon\">\n\t\t\t\t\t\t\t<i aria-hidden=\"true\" class=\"far fa-building\"><\/i>\t\t\t\t\t\t<\/span>\n\t\t\t\t\t\t\t\t\t\t<span class=\"elementor-icon-list-text\"> Villa Guerrero 227, Atlacomulco, 57600 Nezahualc\u00f3yotl, M\u00e9x.<\/span>\n\t\t\t\t\t\t\t\t\t<\/li>\n\t\t\t\t\t\t\t\t<li class=\"elementor-icon-list-item\">\n\t\t\t\t\t\t\t\t\t\t\t<span class=\"elementor-icon-list-icon\">\n\t\t\t\t\t\t\t<i aria-hidden=\"true\" class=\"fas fa-phone-square\"><\/i>\t\t\t\t\t\t<\/span>\n\t\t\t\t\t\t\t\t\t\t<span class=\"elementor-icon-list-text\">(55) 8936 8123 \/ 8145<\/span>\n\t\t\t\t\t\t\t\t\t<\/li>\n\t\t\t\t\t\t\t\t<li class=\"elementor-icon-list-item\">\n\t\t\t\t\t\t\t\t\t\t\t<a href=\"#\">\n\n\t\t\t\t\t\t\t\t\t\t\t\t<span class=\"elementor-icon-list-icon\">\n\t\t\t\t\t\t\t<i aria-hidden=\"true\" class=\"far fa-envelope\"><\/i>\t\t\t\t\t\t<\/span>\n\t\t\t\t\t\t\t\t\t\t<span class=\"elementor-icon-list-text\">contacto@oxilive.com<\/span>\n\t\t\t\t\t\t\t\t\t\t\t<\/a>\n\t\t\t\t\t\t\t\t\t<\/li>\n\t\t\t\t\t\t<\/ul>\n\t\t\t\t<\/div>\n\t\t\t\t<\/div>\n\t\t\t\t<div class=\"elementor-element elementor-element-2a112835 elementor-align-center elementor-mobile-align-justify elementor-widget elementor-widget-button\" data-id=\"2a112835\" data-element_type=\"widget\" data-widget_type=\"button.default\">\n\t\t\t\t<div class=\"elementor-widget-container\">\n\t\t\t\t\t<div class=\"elementor-button-wrapper\">\n\t\t\t<a class=\"elementor-button elementor-button-link elementor-size-sm elementor-animation-grow\" href=\"tel:+525589368123\">\n\t\t\t\t\t\t<span class=\"elementor-button-content-wrapper\">\n\t\t\t\t\t\t\t\t\t<span class=\"elementor-button-text\">Llamar<\/span>\n\t\t\t\t\t<\/span>\n\t\t\t\t\t<\/a>\n\t\t<\/div>\n\t\t\t\t<\/div>\n\t\t\t\t<\/div>\n\t\t\t\t\t<\/div>\n\t\t<\/div>\n\t\t\t\t\t<\/div>\n\t\t<\/section>\n\t\t\t\t<section class=\"elementor-section elementor-top-section elementor-element elementor-element-44c2e898 elementor-section-height-full elementor-section-content-top elementor-section-boxed elementor-section-height-default elementor-section-items-middle\" data-id=\"44c2e898\" data-element_type=\"section\" data-settings=\"{&quot;background_background&quot;:&quot;classic&quot;}\">\n\t\t\t\t\t\t<div class=\"elementor-container elementor-column-gap-default\">\n\t\t\t\t\t<div class=\"aux-parallax-section elementor-column elementor-col-100 elementor-top-column elementor-element elementor-element-4fabe69d\" data-id=\"4fabe69d\" data-element_type=\"column\">\n\t\t\t<div class=\"elementor-widget-wrap elementor-element-populated\">\n\t\t\t\t\t\t<div class=\"elementor-element elementor-element-3a469817 elementor-invisible elementor-widget elementor-widget-heading\" data-id=\"3a469817\" data-element_type=\"widget\" data-settings=\"{&quot;_animation&quot;:&quot;fadeInLeft&quot;}\" data-widget_type=\"heading.default\">\n\t\t\t\t<div class=\"elementor-widget-container\">\n\t\t\t<h2 class=\"elementor-heading-title elementor-size-xl\">S\u00edguenos en Redes Sociales<\/h2>\t\t<\/div>\n\t\t\t\t<\/div>\n\t\t\t\t<div class=\"elementor-element elementor-element-4d0f7d82 elementor-shape-circle elementor-grid-0 e-grid-align-center elementor-widget elementor-widget-social-icons\" data-id=\"4d0f7d82\" data-element_type=\"widget\" data-widget_type=\"social-icons.default\">\n\t\t\t\t<div class=\"elementor-widget-container\">\n\t\t\t\t\t<div class=\"elementor-social-icons-wrapper elementor-grid\">\n\t\t\t\t\t\t\t<span class=\"elementor-grid-item\">\n\t\t\t\t\t<a class=\"elementor-icon elementor-social-icon elementor-social-icon-facebook-f elementor-animation-bob elementor-repeater-item-c117719\" href=\"https:\/\/www.facebook.com\/OxiliveMx\" target=\"_blank\">\n\t\t\t\t\t\t<span class=\"elementor-screen-only\">Facebook-f<\/span>\n\t\t\t\t\t\t<i class=\"fab fa-facebook-f\"><\/i>\t\t\t\t\t<\/a>\n\t\t\t\t<\/span>\n\t\t\t\t\t\t\t<span class=\"elementor-grid-item\">\n\t\t\t\t\t<a class=\"elementor-icon elementor-social-icon elementor-social-icon-instagram elementor-animation-bob elementor-repeater-item-6cb5303\" href=\"https:\/\/www.instagram.com\/oxilivemx\/\" target=\"_blank\">\n\t\t\t\t\t\t<span class=\"elementor-screen-only\">Instagram<\/span>\n\t\t\t\t\t\t<i class=\"fab fa-instagram\"><\/i>\t\t\t\t\t<\/a>\n\t\t\t\t<\/span>\n\t\t\t\t\t\t\t<span class=\"elementor-grid-item\">\n\t\t\t\t\t<a class=\"elementor-icon elementor-social-icon elementor-social-icon-youtube elementor-animation-bob elementor-repeater-item-10f122e\" target=\"_blank\">\n\t\t\t\t\t\t<span class=\"elementor-screen-only\">Youtube<\/span>\n\t\t\t\t\t\t<i class=\"fab fa-youtube\"><\/i>\t\t\t\t\t<\/a>\n\t\t\t\t<\/span>\n\t\t\t\t\t<\/div>\n\t\t\t\t<\/div>\n\t\t\t\t<\/div>\n\t\t\t\t\t<\/div>\n\t\t<\/div>\n\t\t\t\t\t<\/div>\n\t\t<\/section>\n\t\t\t\t<\/div>\n\t\t","protected":false},"excerpt":{"rendered":"<p>gracias por tu visita Cont\u00e1ctanos Puedes enviarnos tus dudas o comentarios por los distintos canales de comunicaci\u00f3n OXIlive m\u00e9xico Ox\u00edgeno Medicinal A Domicilio Daremos seguimiento y respuesta a cualquier duda o problema que tengas durante tu proceso de compra o servicio. Villa Guerrero 227, Atlacomulco, 57600 Nezahualc\u00f3yotl, M\u00e9x. (55) 8936 8123 \/ 8145 contacto@oxilive.com Llamar [&hellip;]<\/p>\n","protected":false},"author":2,"featured_media":0,"parent":0,"menu_order":0,"comment_status":"closed","ping_status":"closed","template":"templates\/page-builder-content.php","meta":{"footnotes":""},"class_list":["post-111","page","type-page","status-publish","hentry"],"yoast_head":"<!-- This site is optimized with the Yoast SEO plugin v21.7 - https:\/\/yoast.com\/wordpress\/plugins\/seo\/ -->\n<title>Contacto - Oxilive Ox\u00edgeno Medicinal a Domicilio<\/title>\n<meta name=\"description\" content=\"En Oxilive trabajamos para ofrecerte los mejores servicios y te apoyamos si tienes alguna duda. Consulta nuestra p\u00e1gina o ll\u00e1manos al (55) 8936 8123 \/ 8145.....\" \/>\n<meta name=\"robots\" content=\"index, follow, max-snippet:-1, max-image-preview:large, max-video-preview:-1\" \/>\n<link rel=\"canonical\" href=\"https:\/\/oxilive.com.mx\/index.php\/contacto-con-nosotros\/\" \/>\n<meta property=\"og:locale\" content=\"es_ES\" \/>\n<meta property=\"og:type\" content=\"article\" \/>\n<meta property=\"og:title\" content=\"Contacto - Oxilive Ox\u00edgeno Medicinal a Domicilio\" \/>\n<meta property=\"og:description\" content=\"En Oxilive trabajamos para ofrecerte los mejores servicios y te apoyamos si tienes alguna duda. Consulta nuestra p\u00e1gina o ll\u00e1manos al (55) 8936 8123 \/ 8145.....\" \/>\n<meta property=\"og:url\" content=\"https:\/\/oxilive.com.mx\/index.php\/contacto-con-nosotros\/\" \/>\n<meta property=\"og:site_name\" content=\"Oxilive Ox\u00edgeno Medicinal a Domicilio\" \/>\n<meta property=\"article:publisher\" content=\"https:\/\/www.facebook.com\/OxiliveMx\" \/>\n<meta property=\"article:modified_time\" content=\"2022-05-02T18:46:53+00:00\" \/>\n<meta property=\"og:image\" content=\"https:\/\/oxilive.com.mx\/wp-content\/uploads\/2021\/08\/home-scaled.jpg\" \/>\n\t<meta property=\"og:image:width\" content=\"2560\" \/>\n\t<meta property=\"og:image:height\" content=\"1707\" \/>\n\t<meta property=\"og:image:type\" content=\"image\/jpeg\" \/>\n<meta name=\"twitter:card\" content=\"summary_large_image\" \/>\n<meta name=\"twitter:label1\" content=\"Tiempo de lectura\" \/>\n\t<meta name=\"twitter:data1\" content=\"1 minuto\" \/>\n<script type=\"application\/ld+json\" class=\"yoast-schema-graph\">{\"@context\":\"https:\/\/schema.org\",\"@graph\":[{\"@type\":\"WebPage\",\"@id\":\"https:\/\/oxilive.com.mx\/index.php\/contacto-con-nosotros\/\",\"url\":\"https:\/\/oxilive.com.mx\/index.php\/contacto-con-nosotros\/\",\"name\":\"Contacto - Oxilive Ox\u00edgeno Medicinal a Domicilio\",\"isPartOf\":{\"@id\":\"https:\/\/oxilive.com.mx\/#website\"},\"datePublished\":\"2019-10-03T09:02:18+00:00\",\"dateModified\":\"2022-05-02T18:46:53+00:00\",\"description\":\"En Oxilive trabajamos para ofrecerte los mejores servicios y te apoyamos si tienes alguna duda. Consulta nuestra p\u00e1gina o ll\u00e1manos al (55) 8936 8123 \/ 8145.....\",\"breadcrumb\":{\"@id\":\"https:\/\/oxilive.com.mx\/index.php\/contacto-con-nosotros\/#breadcrumb\"},\"inLanguage\":\"es\",\"potentialAction\":[{\"@type\":\"ReadAction\",\"target\":[\"https:\/\/oxilive.com.mx\/index.php\/contacto-con-nosotros\/\"]}]},{\"@type\":\"BreadcrumbList\",\"@id\":\"https:\/\/oxilive.com.mx\/index.php\/contacto-con-nosotros\/#breadcrumb\",\"itemListElement\":[{\"@type\":\"ListItem\",\"position\":1,\"name\":\"Portada\",\"item\":\"https:\/\/oxilive.com.mx\/\"},{\"@type\":\"ListItem\",\"position\":2,\"name\":\"Contacto\"}]},{\"@type\":\"WebSite\",\"@id\":\"https:\/\/oxilive.com.mx\/#website\",\"url\":\"https:\/\/oxilive.com.mx\/\",\"name\":\"Oxilive Ox\u00edgeno Medicinal a Domicilio\",\"description\":\"Entregas hasta en 90 minutos\",\"publisher\":{\"@id\":\"https:\/\/oxilive.com.mx\/#organization\"},\"potentialAction\":[{\"@type\":\"SearchAction\",\"target\":{\"@type\":\"EntryPoint\",\"urlTemplate\":\"https:\/\/oxilive.com.mx\/?s={search_term_string}\"},\"query-input\":\"required name=search_term_string\"}],\"inLanguage\":\"es\"},{\"@type\":\"Organization\",\"@id\":\"https:\/\/oxilive.com.mx\/#organization\",\"name\":\"Oxilive M\u00e9xico\",\"url\":\"https:\/\/oxilive.com.mx\/\",\"logo\":{\"@type\":\"ImageObject\",\"inLanguage\":\"es\",\"@id\":\"https:\/\/oxilive.com.mx\/#\/schema\/logo\/image\/\",\"url\":\"https:\/\/oxilive.com.mx\/wp-content\/uploads\/2022\/02\/LOGO-OXILIVE-HORIZO_Mesa-de-trabajo-1.png\",\"contentUrl\":\"https:\/\/oxilive.com.mx\/wp-content\/uploads\/2022\/02\/LOGO-OXILIVE-HORIZO_Mesa-de-trabajo-1.png\",\"width\":6775,\"height\":2742,\"caption\":\"Oxilive M\u00e9xico\"},\"image\":{\"@id\":\"https:\/\/oxilive.com.mx\/#\/schema\/logo\/image\/\"},\"sameAs\":[\"https:\/\/www.facebook.com\/OxiliveMx\",\"https:\/\/www.instagram.com\/oxilivemx\/\"]}]}<\/script>\n<!-- \/ Yoast SEO plugin. -->","yoast_head_json":{"title":"Contacto - Oxilive Ox\u00edgeno Medicinal a Domicilio","description":"En Oxilive trabajamos para ofrecerte los mejores servicios y te apoyamos si tienes alguna duda. Consulta nuestra p\u00e1gina o ll\u00e1manos al (55) 8936 8123 \/ 8145.....","robots":{"index":"index","follow":"follow","max-snippet":"max-snippet:-1","max-image-preview":"max-image-preview:large","max-video-preview":"max-video-preview:-1"},"canonical":"https:\/\/oxilive.com.mx\/index.php\/contacto-con-nosotros\/","og_locale":"es_ES","og_type":"article","og_title":"Contacto - Oxilive Ox\u00edgeno Medicinal a Domicilio","og_description":"En Oxilive trabajamos para ofrecerte los mejores servicios y te apoyamos si tienes alguna duda. Consulta nuestra p\u00e1gina o ll\u00e1manos al (55) 8936 8123 \/ 8145.....","og_url":"https:\/\/oxilive.com.mx\/index.php\/contacto-con-nosotros\/","og_site_name":"Oxilive Ox\u00edgeno Medicinal a Domicilio","article_publisher":"https:\/\/www.facebook.com\/OxiliveMx","article_modified_time":"2022-05-02T18:46:53+00:00","og_image":[{"width":2560,"height":1707,"url":"https:\/\/oxilive.com.mx\/wp-content\/uploads\/2021\/08\/home-scaled.jpg","type":"image\/jpeg"}],"twitter_card":"summary_large_image","twitter_misc":{"Tiempo de lectura":"1 minuto"},"schema":{"@context":"https:\/\/schema.org","@graph":[{"@type":"WebPage","@id":"https:\/\/oxilive.com.mx\/index.php\/contacto-con-nosotros\/","url":"https:\/\/oxilive.com.mx\/index.php\/contacto-con-nosotros\/","name":"Contacto - Oxilive Ox\u00edgeno Medicinal a Domicilio","isPartOf":{"@id":"https:\/\/oxilive.com.mx\/#website"},"datePublished":"2019-10-03T09:02:18+00:00","dateModified":"2022-05-02T18:46:53+00:00","description":"En Oxilive trabajamos para ofrecerte los mejores servicios y te apoyamos si tienes alguna duda. Consulta nuestra p\u00e1gina o ll\u00e1manos al (55) 8936 8123 \/ 8145.....","breadcrumb":{"@id":"https:\/\/oxilive.com.mx\/index.php\/contacto-con-nosotros\/#breadcrumb"},"inLanguage":"es","potentialAction":[{"@type":"ReadAction","target":["https:\/\/oxilive.com.mx\/index.php\/contacto-con-nosotros\/"]}]},{"@type":"BreadcrumbList","@id":"https:\/\/oxilive.com.mx\/index.php\/contacto-con-nosotros\/#breadcrumb","itemListElement":[{"@type":"ListItem","position":1,"name":"Portada","item":"https:\/\/oxilive.com.mx\/"},{"@type":"ListItem","position":2,"name":"Contacto"}]},{"@type":"WebSite","@id":"https:\/\/oxilive.com.mx\/#website","url":"https:\/\/oxilive.com.mx\/","name":"Oxilive Ox\u00edgeno Medicinal a Domicilio","description":"Entregas hasta en 90 minutos","publisher":{"@id":"https:\/\/oxilive.com.mx\/#organization"},"potentialAction":[{"@type":"SearchAction","target":{"@type":"EntryPoint","urlTemplate":"https:\/\/oxilive.com.mx\/?s={search_term_string}"},"query-input":"required name=search_term_string"}],"inLanguage":"es"},{"@type":"Organization","@id":"https:\/\/oxilive.com.mx\/#organization","name":"Oxilive M\u00e9xico","url":"https:\/\/oxilive.com.mx\/","logo":{"@type":"ImageObject","inLanguage":"es","@id":"https:\/\/oxilive.com.mx\/#\/schema\/logo\/image\/","url":"https:\/\/oxilive.com.mx\/wp-content\/uploads\/2022\/02\/LOGO-OXILIVE-HORIZO_Mesa-de-trabajo-1.png","contentUrl":"https:\/\/oxilive.com.mx\/wp-content\/uploads\/2022\/02\/LOGO-OXILIVE-HORIZO_Mesa-de-trabajo-1.png","width":6775,"height":2742,"caption":"Oxilive M\u00e9xico"},"image":{"@id":"https:\/\/oxilive.com.mx\/#\/schema\/logo\/image\/"},"sameAs":["https:\/\/www.facebook.com\/OxiliveMx","https:\/\/www.instagram.com\/oxilivemx\/"]}]}},"_links":{"self":[{"href":"https:\/\/oxilive.com.mx\/index.php\/wp-json\/wp\/v2\/pages\/111","targetHints":{"allow":["GET"]}}],"collection":[{"href":"https:\/\/oxilive.com.mx\/index.php\/wp-json\/wp\/v2\/pages"}],"about":[{"href":"https:\/\/oxilive.com.mx\/index.php\/wp-json\/wp\/v2\/types\/page"}],"author":[{"embeddable":true,"href":"https:\/\/oxilive.com.mx\/index.php\/wp-json\/wp\/v2\/users\/2"}],"replies":[{"embeddable":true,"href":"https:\/\/oxilive.com.mx\/index.php\/wp-json\/wp\/v2\/comments?post=111"}],"version-history":[{"count":28,"href":"https:\/\/oxilive.com.mx\/index.php\/wp-json\/wp\/v2\/pages\/111\/revisions"}],"predecessor-version":[{"id":1274,"href":"https:\/\/oxilive.com.mx\/index.php\/wp-json\/wp\/v2\/pages\/111\/revisions\/1274"}],"wp:attachment":[{"href":"https:\/\/oxilive.com.mx\/index.php\/wp-json\/wp\/v2\/media?parent=111"}],"curies":[{"name":"wp","href":"https:\/\/api.w.org\/{rel}","templated":true}]}}