{"id":122,"date":"2019-09-29T06:54:00","date_gmt":"2019-09-29T06:54:00","guid":{"rendered":"https:\/\/oxilive.com.mx\/index.php\/product\/white-elitebook-tablet-810\/"},"modified":"2024-09-24T19:36:04","modified_gmt":"2024-09-24T19:36:04","slug":"millenniumm10","status":"publish","type":"product","link":"https:\/\/oxilive.com.mx\/index.php\/product\/millenniumm10\/","title":{"rendered":"Philips Millennium (Precio Renta)"},"content":{"rendered":"<p>Millenium M10 est\u00e1 dise\u00f1ado para ser el dispositivo de ox\u00edgeno de m\u00e1s alto desempe\u00f1o y confiabilidad disponible en su versi\u00f3n de 10 Litros por Minuto (LPM). Est fabricado para reducir el costo que representa proporcionar ox\u00edgeno para los pacientes que necesitan altos niveles de ox\u00edgeno. El tubo protector protege eficientemente los alambres y tubos electr\u00f3nicos. La v\u00e1lvula SMCT de \u00abciclo seguro\u00bb es libre de mantenimiento.<\/p>\n<p>&nbsp;<\/p>\n<div class=\"page\" title=\"Page 7\">\n<div class=\"layoutArea\">\n<div class=\"column\">\n<ul>\n<li>Tasa de flujo: Hasta 10 LPM en incrementos de 1 litro l\/min<\/li>\n<li>Requisitos el\u00e9ctricos: 120 V\/ 60Hz (+\/-10%)<\/li>\n<li>Dimensiones: 68.5x48x33 cm<\/li>\n<li>Oxigeno: 92 +\/\u2013 4% a 8-10 LPM<br \/>\n94 +\/\u2013 2% a 3-7 LPM<br \/>\n92 +\/\u2013 4% a 1-2 LPM<\/li>\n<li>Indicadores de alarma: Alta presio\u0301n del sistema \/ Baja presio\u0301n oxi\u0301geno \/ Falla de energ\u00eda \/ Bajo nivel de ox\u00edgeno \/ Sin flujo de ox\u00edgeno<\/li>\n<li>Temperatura de funcionamiento: 13 a 32 \u00b0C<\/li>\n<li>Consumo de energ\u00eda: 600 watts<\/li>\n<li>Presi\u00f3n de operaci\u00f3n: 10 a 30 PSIG<\/li>\n<li>Peso: 25 kg<\/li>\n<\/ul>\n<\/div>\n<\/div>\n<\/div>\n","protected":false},"excerpt":{"rendered":"<p>Millenium M10 est\u00e1 dise\u00f1ado para ser el dispositivo de ox\u00edgeno de m\u00e1s alto desempe\u00f1o y confiabilidad disponible en su versi\u00f3n de 10 Litros por Minuto (LPM).<\/p>\n","protected":false},"featured_media":383,"comment_status":"open","ping_status":"closed","template":"","meta":[],"product_cat":[36],"product_tag":[24],"class_list":{"0":"post-122","1":"product","2":"type-product","3":"status-publish","4":"has-post-thumbnail","6":"product_cat-concentradores","7":"product_tag-shop-digital","9":"first","10":"instock","11":"taxable","12":"shipping-taxable","13":"purchasable","14":"product-type-simple"},"yoast_head":"<!-- This site is optimized with the Yoast SEO plugin v21.7 - https:\/\/yoast.com\/wordpress\/plugins\/seo\/ -->\n<title>Philips Millennium (Precio Renta) - Oxilive Ox\u00edgeno Medicinal a Domicilio<\/title>\n<meta name=\"robots\" content=\"index, follow, max-snippet:-1, max-image-preview:large, max-video-preview:-1\" \/>\n<link rel=\"canonical\" href=\"https:\/\/oxilive.com.mx\/index.php\/product\/millenniumm10\/\" \/>\n<meta property=\"og:locale\" content=\"es_ES\" \/>\n<meta property=\"og:type\" content=\"article\" \/>\n<meta property=\"og:title\" content=\"Philips Millennium (Precio Renta) - Oxilive Ox\u00edgeno Medicinal a Domicilio\" \/>\n<meta property=\"og:description\" content=\"Millenium M10 est\u00e1 dise\u00f1ado para ser el dispositivo de ox\u00edgeno de m\u00e1s alto desempe\u00f1o y confiabilidad disponible en su versi\u00f3n de 10 Litros por Minuto (LPM).\" \/>\n<meta property=\"og:url\" content=\"https:\/\/oxilive.com.mx\/index.php\/product\/millenniumm10\/\" \/>\n<meta property=\"og:site_name\" content=\"Oxilive Ox\u00edgeno Medicinal a Domicilio\" \/>\n<meta property=\"article:publisher\" content=\"https:\/\/www.facebook.com\/OxiliveMx\" \/>\n<meta property=\"article:modified_time\" content=\"2024-09-24T19:36:04+00:00\" \/>\n<meta property=\"og:image\" content=\"https:\/\/oxilive.com.mx\/wp-content\/uploads\/2019\/09\/mile1.jpg\" \/>\n\t<meta property=\"og:image:width\" content=\"1080\" \/>\n\t<meta property=\"og:image:height\" content=\"1080\" \/>\n\t<meta property=\"og:image:type\" content=\"image\/jpeg\" \/>\n<meta name=\"twitter:card\" content=\"summary_large_image\" \/>\n<meta name=\"twitter:label1\" content=\"Tiempo de lectura\" \/>\n\t<meta name=\"twitter:data1\" content=\"1 minuto\" \/>\n<script type=\"application\/ld+json\" class=\"yoast-schema-graph\">{\"@context\":\"https:\/\/schema.org\",\"@graph\":[{\"@type\":\"WebPage\",\"@id\":\"https:\/\/oxilive.com.mx\/index.php\/product\/millenniumm10\/\",\"url\":\"https:\/\/oxilive.com.mx\/index.php\/product\/millenniumm10\/\",\"name\":\"Philips Millennium (Precio Renta) - Oxilive Ox\u00edgeno Medicinal a Domicilio\",\"isPartOf\":{\"@id\":\"https:\/\/oxilive.com.mx\/#website\"},\"datePublished\":\"2019-09-29T06:54:00+00:00\",\"dateModified\":\"2024-09-24T19:36:04+00:00\",\"breadcrumb\":{\"@id\":\"https:\/\/oxilive.com.mx\/index.php\/product\/millenniumm10\/#breadcrumb\"},\"inLanguage\":\"es\",\"potentialAction\":[{\"@type\":\"ReadAction\",\"target\":[\"https:\/\/oxilive.com.mx\/index.php\/product\/millenniumm10\/\"]}]},{\"@type\":\"BreadcrumbList\",\"@id\":\"https:\/\/oxilive.com.mx\/index.php\/product\/millenniumm10\/#breadcrumb\",\"itemListElement\":[{\"@type\":\"ListItem\",\"position\":1,\"name\":\"Portada\",\"item\":\"https:\/\/oxilive.com.mx\/\"},{\"@type\":\"ListItem\",\"position\":2,\"name\":\"Shop\",\"item\":\"https:\/\/oxilive.com.mx\/index.php\/shop-2\/\"},{\"@type\":\"ListItem\",\"position\":3,\"name\":\"Philips Millennium (Precio Renta)\"}]},{\"@type\":\"WebSite\",\"@id\":\"https:\/\/oxilive.com.mx\/#website\",\"url\":\"https:\/\/oxilive.com.mx\/\",\"name\":\"Oxilive Ox\u00edgeno Medicinal a Domicilio\",\"description\":\"Entregas hasta en 90 minutos\",\"publisher\":{\"@id\":\"https:\/\/oxilive.com.mx\/#organization\"},\"potentialAction\":[{\"@type\":\"SearchAction\",\"target\":{\"@type\":\"EntryPoint\",\"urlTemplate\":\"https:\/\/oxilive.com.mx\/?s={search_term_string}\"},\"query-input\":\"required name=search_term_string\"}],\"inLanguage\":\"es\"},{\"@type\":\"Organization\",\"@id\":\"https:\/\/oxilive.com.mx\/#organization\",\"name\":\"Oxilive M\u00e9xico\",\"url\":\"https:\/\/oxilive.com.mx\/\",\"logo\":{\"@type\":\"ImageObject\",\"inLanguage\":\"es\",\"@id\":\"https:\/\/oxilive.com.mx\/#\/schema\/logo\/image\/\",\"url\":\"https:\/\/oxilive.com.mx\/wp-content\/uploads\/2022\/02\/LOGO-OXILIVE-HORIZO_Mesa-de-trabajo-1.png\",\"contentUrl\":\"https:\/\/oxilive.com.mx\/wp-content\/uploads\/2022\/02\/LOGO-OXILIVE-HORIZO_Mesa-de-trabajo-1.png\",\"width\":6775,\"height\":2742,\"caption\":\"Oxilive M\u00e9xico\"},\"image\":{\"@id\":\"https:\/\/oxilive.com.mx\/#\/schema\/logo\/image\/\"},\"sameAs\":[\"https:\/\/www.facebook.com\/OxiliveMx\",\"https:\/\/www.instagram.com\/oxilivemx\/\"]}]}<\/script>\n<!-- \/ Yoast SEO plugin. -->","yoast_head_json":{"title":"Philips Millennium (Precio Renta) - Oxilive Ox\u00edgeno Medicinal a Domicilio","robots":{"index":"index","follow":"follow","max-snippet":"max-snippet:-1","max-image-preview":"max-image-preview:large","max-video-preview":"max-video-preview:-1"},"canonical":"https:\/\/oxilive.com.mx\/index.php\/product\/millenniumm10\/","og_locale":"es_ES","og_type":"article","og_title":"Philips Millennium (Precio Renta) - Oxilive Ox\u00edgeno Medicinal a Domicilio","og_description":"Millenium M10 est\u00e1 dise\u00f1ado para ser el dispositivo de ox\u00edgeno de m\u00e1s alto desempe\u00f1o y confiabilidad disponible en su versi\u00f3n de 10 Litros por Minuto (LPM).","og_url":"https:\/\/oxilive.com.mx\/index.php\/product\/millenniumm10\/","og_site_name":"Oxilive Ox\u00edgeno Medicinal a Domicilio","article_publisher":"https:\/\/www.facebook.com\/OxiliveMx","article_modified_time":"2024-09-24T19:36:04+00:00","og_image":[{"width":1080,"height":1080,"url":"https:\/\/oxilive.com.mx\/wp-content\/uploads\/2019\/09\/mile1.jpg","type":"image\/jpeg"}],"twitter_card":"summary_large_image","twitter_misc":{"Tiempo de lectura":"1 minuto"},"schema":{"@context":"https:\/\/schema.org","@graph":[{"@type":"WebPage","@id":"https:\/\/oxilive.com.mx\/index.php\/product\/millenniumm10\/","url":"https:\/\/oxilive.com.mx\/index.php\/product\/millenniumm10\/","name":"Philips Millennium (Precio Renta) - Oxilive Ox\u00edgeno Medicinal a Domicilio","isPartOf":{"@id":"https:\/\/oxilive.com.mx\/#website"},"datePublished":"2019-09-29T06:54:00+00:00","dateModified":"2024-09-24T19:36:04+00:00","breadcrumb":{"@id":"https:\/\/oxilive.com.mx\/index.php\/product\/millenniumm10\/#breadcrumb"},"inLanguage":"es","potentialAction":[{"@type":"ReadAction","target":["https:\/\/oxilive.com.mx\/index.php\/product\/millenniumm10\/"]}]},{"@type":"BreadcrumbList","@id":"https:\/\/oxilive.com.mx\/index.php\/product\/millenniumm10\/#breadcrumb","itemListElement":[{"@type":"ListItem","position":1,"name":"Portada","item":"https:\/\/oxilive.com.mx\/"},{"@type":"ListItem","position":2,"name":"Shop","item":"https:\/\/oxilive.com.mx\/index.php\/shop-2\/"},{"@type":"ListItem","position":3,"name":"Philips Millennium (Precio Renta)"}]},{"@type":"WebSite","@id":"https:\/\/oxilive.com.mx\/#website","url":"https:\/\/oxilive.com.mx\/","name":"Oxilive Ox\u00edgeno Medicinal a Domicilio","description":"Entregas hasta en 90 minutos","publisher":{"@id":"https:\/\/oxilive.com.mx\/#organization"},"potentialAction":[{"@type":"SearchAction","target":{"@type":"EntryPoint","urlTemplate":"https:\/\/oxilive.com.mx\/?s={search_term_string}"},"query-input":"required name=search_term_string"}],"inLanguage":"es"},{"@type":"Organization","@id":"https:\/\/oxilive.com.mx\/#organization","name":"Oxilive M\u00e9xico","url":"https:\/\/oxilive.com.mx\/","logo":{"@type":"ImageObject","inLanguage":"es","@id":"https:\/\/oxilive.com.mx\/#\/schema\/logo\/image\/","url":"https:\/\/oxilive.com.mx\/wp-content\/uploads\/2022\/02\/LOGO-OXILIVE-HORIZO_Mesa-de-trabajo-1.png","contentUrl":"https:\/\/oxilive.com.mx\/wp-content\/uploads\/2022\/02\/LOGO-OXILIVE-HORIZO_Mesa-de-trabajo-1.png","width":6775,"height":2742,"caption":"Oxilive M\u00e9xico"},"image":{"@id":"https:\/\/oxilive.com.mx\/#\/schema\/logo\/image\/"},"sameAs":["https:\/\/www.facebook.com\/OxiliveMx","https:\/\/www.instagram.com\/oxilivemx\/"]}]}},"_links":{"self":[{"href":"https:\/\/oxilive.com.mx\/index.php\/wp-json\/wp\/v2\/product\/122","targetHints":{"allow":["GET"]}}],"collection":[{"href":"https:\/\/oxilive.com.mx\/index.php\/wp-json\/wp\/v2\/product"}],"about":[{"href":"https:\/\/oxilive.com.mx\/index.php\/wp-json\/wp\/v2\/types\/product"}],"replies":[{"embeddable":true,"href":"https:\/\/oxilive.com.mx\/index.php\/wp-json\/wp\/v2\/comments?post=122"}],"wp:featuredmedia":[{"embeddable":true,"href":"https:\/\/oxilive.com.mx\/index.php\/wp-json\/wp\/v2\/media\/383"}],"wp:attachment":[{"href":"https:\/\/oxilive.com.mx\/index.php\/wp-json\/wp\/v2\/media?parent=122"}],"wp:term":[{"taxonomy":"product_cat","embeddable":true,"href":"https:\/\/oxilive.com.mx\/index.php\/wp-json\/wp\/v2\/product_cat?post=122"},{"taxonomy":"product_tag","embeddable":true,"href":"https:\/\/oxilive.com.mx\/index.php\/wp-json\/wp\/v2\/product_tag?post=122"}],"curies":[{"name":"wp","href":"https:\/\/api.w.org\/{rel}","templated":true}]}}