{"id":123,"date":"2019-09-29T06:53:14","date_gmt":"2019-09-29T06:53:14","guid":{"rendered":"https:\/\/oxilive.com.mx\/index.php\/product\/gore-wear-c7\/"},"modified":"2024-09-24T19:38:02","modified_gmt":"2024-09-24T19:38:02","slug":"cpap-airsense","status":"publish","type":"product","link":"https:\/\/oxilive.com.mx\/index.php\/product\/cpap-airsense\/","title":{"rendered":"CPAP AirSense10 Resmed (Precio Renta)"},"content":{"rendered":"<div class=\"page\" title=\"Page 9\">\n<div class=\"layoutArea\">\n<div class=\"column\">\n<p>El AirSenseTM 10 es una de las series de m\u00e1quinas de CPAP y APAP m\u00e1s utilizadas en el mundo, cada una proyectada para ofrecer terapia de alta calidad para una mejor noche de sue\u00f1o.<\/p>\n<p>Peso: 1248 g (44 oz)<\/p>\n<p>Humedad: 10% a 95% de humedad relativa sin condensaci\u00f3n<\/p>\n<p>Dimensiones: 116mm x 255mm x 150mm (4.57&#8243; x 10.04&#8243; x 5.91&#8243;)<\/p>\n<p>Uso a: 90 W (voltios de corriente alterna)<\/p>\n<p>Temperatura: de +5 \u00baC a +35 \u00baC (de +41 \u00baF a +95 \u00baF)<\/p>\n<\/div>\n<\/div>\n<\/div>\n","protected":false},"excerpt":{"rendered":"<p>El AirSenseTM 10 es una de las series de m\u00e1quinas de CPAP y APAP m\u00e1s utilizadas en el mundo, cada una proyectada para ofrecer terapia de alta calidad para una mejor noche de sue\u00f1o. Equipo en Renta<\/p>\n","protected":false},"featured_media":388,"comment_status":"open","ping_status":"closed","template":"","meta":[],"product_cat":[29],"product_tag":[24],"class_list":{"0":"post-123","1":"product","2":"type-product","3":"status-publish","4":"has-post-thumbnail","6":"product_cat-cpap","7":"product_tag-shop-digital","9":"first","10":"instock","11":"taxable","12":"shipping-taxable","13":"purchasable","14":"product-type-simple"},"yoast_head":"<!-- This site is optimized with the Yoast SEO plugin v21.7 - https:\/\/yoast.com\/wordpress\/plugins\/seo\/ -->\n<title>CPAP AirSense10 Resmed (Precio Renta) - Oxilive Ox\u00edgeno Medicinal a Domicilio<\/title>\n<meta name=\"robots\" content=\"index, follow, max-snippet:-1, max-image-preview:large, max-video-preview:-1\" \/>\n<link rel=\"canonical\" href=\"https:\/\/oxilive.com.mx\/index.php\/product\/cpap-airsense\/\" \/>\n<meta property=\"og:locale\" content=\"es_ES\" \/>\n<meta property=\"og:type\" content=\"article\" \/>\n<meta property=\"og:title\" content=\"CPAP AirSense10 Resmed (Precio Renta) - Oxilive Ox\u00edgeno Medicinal a Domicilio\" \/>\n<meta property=\"og:description\" content=\"El AirSenseTM 10 es una de las series de m\u00e1quinas de CPAP y APAP m\u00e1s utilizadas en el mundo, cada una proyectada para ofrecer terapia de alta calidad para una mejor noche de sue\u00f1o. Equipo en Renta\" \/>\n<meta property=\"og:url\" content=\"https:\/\/oxilive.com.mx\/index.php\/product\/cpap-airsense\/\" \/>\n<meta property=\"og:site_name\" content=\"Oxilive Ox\u00edgeno Medicinal a Domicilio\" \/>\n<meta property=\"article:publisher\" content=\"https:\/\/www.facebook.com\/OxiliveMx\" \/>\n<meta property=\"article:modified_time\" content=\"2024-09-24T19:38:02+00:00\" \/>\n<meta property=\"og:image\" content=\"https:\/\/oxilive.com.mx\/wp-content\/uploads\/2019\/09\/cpapair.jpg\" \/>\n\t<meta property=\"og:image:width\" content=\"1080\" \/>\n\t<meta property=\"og:image:height\" content=\"1080\" \/>\n\t<meta property=\"og:image:type\" content=\"image\/jpeg\" \/>\n<meta name=\"twitter:card\" content=\"summary_large_image\" \/>\n<meta name=\"twitter:label1\" content=\"Tiempo de lectura\" \/>\n\t<meta name=\"twitter:data1\" content=\"1 minuto\" \/>\n<script type=\"application\/ld+json\" class=\"yoast-schema-graph\">{\"@context\":\"https:\/\/schema.org\",\"@graph\":[{\"@type\":\"WebPage\",\"@id\":\"https:\/\/oxilive.com.mx\/index.php\/product\/cpap-airsense\/\",\"url\":\"https:\/\/oxilive.com.mx\/index.php\/product\/cpap-airsense\/\",\"name\":\"CPAP AirSense10 Resmed (Precio Renta) - Oxilive Ox\u00edgeno Medicinal a Domicilio\",\"isPartOf\":{\"@id\":\"https:\/\/oxilive.com.mx\/#website\"},\"datePublished\":\"2019-09-29T06:53:14+00:00\",\"dateModified\":\"2024-09-24T19:38:02+00:00\",\"breadcrumb\":{\"@id\":\"https:\/\/oxilive.com.mx\/index.php\/product\/cpap-airsense\/#breadcrumb\"},\"inLanguage\":\"es\",\"potentialAction\":[{\"@type\":\"ReadAction\",\"target\":[\"https:\/\/oxilive.com.mx\/index.php\/product\/cpap-airsense\/\"]}]},{\"@type\":\"BreadcrumbList\",\"@id\":\"https:\/\/oxilive.com.mx\/index.php\/product\/cpap-airsense\/#breadcrumb\",\"itemListElement\":[{\"@type\":\"ListItem\",\"position\":1,\"name\":\"Portada\",\"item\":\"https:\/\/oxilive.com.mx\/\"},{\"@type\":\"ListItem\",\"position\":2,\"name\":\"Shop\",\"item\":\"https:\/\/oxilive.com.mx\/index.php\/shop-2\/\"},{\"@type\":\"ListItem\",\"position\":3,\"name\":\"CPAP AirSense10 Resmed (Precio Renta)\"}]},{\"@type\":\"WebSite\",\"@id\":\"https:\/\/oxilive.com.mx\/#website\",\"url\":\"https:\/\/oxilive.com.mx\/\",\"name\":\"Oxilive Ox\u00edgeno Medicinal a Domicilio\",\"description\":\"Entregas hasta en 90 minutos\",\"publisher\":{\"@id\":\"https:\/\/oxilive.com.mx\/#organization\"},\"potentialAction\":[{\"@type\":\"SearchAction\",\"target\":{\"@type\":\"EntryPoint\",\"urlTemplate\":\"https:\/\/oxilive.com.mx\/?s={search_term_string}\"},\"query-input\":\"required name=search_term_string\"}],\"inLanguage\":\"es\"},{\"@type\":\"Organization\",\"@id\":\"https:\/\/oxilive.com.mx\/#organization\",\"name\":\"Oxilive M\u00e9xico\",\"url\":\"https:\/\/oxilive.com.mx\/\",\"logo\":{\"@type\":\"ImageObject\",\"inLanguage\":\"es\",\"@id\":\"https:\/\/oxilive.com.mx\/#\/schema\/logo\/image\/\",\"url\":\"https:\/\/oxilive.com.mx\/wp-content\/uploads\/2022\/02\/LOGO-OXILIVE-HORIZO_Mesa-de-trabajo-1.png\",\"contentUrl\":\"https:\/\/oxilive.com.mx\/wp-content\/uploads\/2022\/02\/LOGO-OXILIVE-HORIZO_Mesa-de-trabajo-1.png\",\"width\":6775,\"height\":2742,\"caption\":\"Oxilive M\u00e9xico\"},\"image\":{\"@id\":\"https:\/\/oxilive.com.mx\/#\/schema\/logo\/image\/\"},\"sameAs\":[\"https:\/\/www.facebook.com\/OxiliveMx\",\"https:\/\/www.instagram.com\/oxilivemx\/\"]}]}<\/script>\n<!-- \/ Yoast SEO plugin. -->","yoast_head_json":{"title":"CPAP AirSense10 Resmed (Precio Renta) - Oxilive Ox\u00edgeno Medicinal a Domicilio","robots":{"index":"index","follow":"follow","max-snippet":"max-snippet:-1","max-image-preview":"max-image-preview:large","max-video-preview":"max-video-preview:-1"},"canonical":"https:\/\/oxilive.com.mx\/index.php\/product\/cpap-airsense\/","og_locale":"es_ES","og_type":"article","og_title":"CPAP AirSense10 Resmed (Precio Renta) - Oxilive Ox\u00edgeno Medicinal a Domicilio","og_description":"El AirSenseTM 10 es una de las series de m\u00e1quinas de CPAP y APAP m\u00e1s utilizadas en el mundo, cada una proyectada para ofrecer terapia de alta calidad para una mejor noche de sue\u00f1o. Equipo en Renta","og_url":"https:\/\/oxilive.com.mx\/index.php\/product\/cpap-airsense\/","og_site_name":"Oxilive Ox\u00edgeno Medicinal a Domicilio","article_publisher":"https:\/\/www.facebook.com\/OxiliveMx","article_modified_time":"2024-09-24T19:38:02+00:00","og_image":[{"width":1080,"height":1080,"url":"https:\/\/oxilive.com.mx\/wp-content\/uploads\/2019\/09\/cpapair.jpg","type":"image\/jpeg"}],"twitter_card":"summary_large_image","twitter_misc":{"Tiempo de lectura":"1 minuto"},"schema":{"@context":"https:\/\/schema.org","@graph":[{"@type":"WebPage","@id":"https:\/\/oxilive.com.mx\/index.php\/product\/cpap-airsense\/","url":"https:\/\/oxilive.com.mx\/index.php\/product\/cpap-airsense\/","name":"CPAP AirSense10 Resmed (Precio Renta) - Oxilive Ox\u00edgeno Medicinal a Domicilio","isPartOf":{"@id":"https:\/\/oxilive.com.mx\/#website"},"datePublished":"2019-09-29T06:53:14+00:00","dateModified":"2024-09-24T19:38:02+00:00","breadcrumb":{"@id":"https:\/\/oxilive.com.mx\/index.php\/product\/cpap-airsense\/#breadcrumb"},"inLanguage":"es","potentialAction":[{"@type":"ReadAction","target":["https:\/\/oxilive.com.mx\/index.php\/product\/cpap-airsense\/"]}]},{"@type":"BreadcrumbList","@id":"https:\/\/oxilive.com.mx\/index.php\/product\/cpap-airsense\/#breadcrumb","itemListElement":[{"@type":"ListItem","position":1,"name":"Portada","item":"https:\/\/oxilive.com.mx\/"},{"@type":"ListItem","position":2,"name":"Shop","item":"https:\/\/oxilive.com.mx\/index.php\/shop-2\/"},{"@type":"ListItem","position":3,"name":"CPAP AirSense10 Resmed (Precio Renta)"}]},{"@type":"WebSite","@id":"https:\/\/oxilive.com.mx\/#website","url":"https:\/\/oxilive.com.mx\/","name":"Oxilive Ox\u00edgeno Medicinal a Domicilio","description":"Entregas hasta en 90 minutos","publisher":{"@id":"https:\/\/oxilive.com.mx\/#organization"},"potentialAction":[{"@type":"SearchAction","target":{"@type":"EntryPoint","urlTemplate":"https:\/\/oxilive.com.mx\/?s={search_term_string}"},"query-input":"required name=search_term_string"}],"inLanguage":"es"},{"@type":"Organization","@id":"https:\/\/oxilive.com.mx\/#organization","name":"Oxilive M\u00e9xico","url":"https:\/\/oxilive.com.mx\/","logo":{"@type":"ImageObject","inLanguage":"es","@id":"https:\/\/oxilive.com.mx\/#\/schema\/logo\/image\/","url":"https:\/\/oxilive.com.mx\/wp-content\/uploads\/2022\/02\/LOGO-OXILIVE-HORIZO_Mesa-de-trabajo-1.png","contentUrl":"https:\/\/oxilive.com.mx\/wp-content\/uploads\/2022\/02\/LOGO-OXILIVE-HORIZO_Mesa-de-trabajo-1.png","width":6775,"height":2742,"caption":"Oxilive M\u00e9xico"},"image":{"@id":"https:\/\/oxilive.com.mx\/#\/schema\/logo\/image\/"},"sameAs":["https:\/\/www.facebook.com\/OxiliveMx","https:\/\/www.instagram.com\/oxilivemx\/"]}]}},"_links":{"self":[{"href":"https:\/\/oxilive.com.mx\/index.php\/wp-json\/wp\/v2\/product\/123","targetHints":{"allow":["GET"]}}],"collection":[{"href":"https:\/\/oxilive.com.mx\/index.php\/wp-json\/wp\/v2\/product"}],"about":[{"href":"https:\/\/oxilive.com.mx\/index.php\/wp-json\/wp\/v2\/types\/product"}],"replies":[{"embeddable":true,"href":"https:\/\/oxilive.com.mx\/index.php\/wp-json\/wp\/v2\/comments?post=123"}],"wp:featuredmedia":[{"embeddable":true,"href":"https:\/\/oxilive.com.mx\/index.php\/wp-json\/wp\/v2\/media\/388"}],"wp:attachment":[{"href":"https:\/\/oxilive.com.mx\/index.php\/wp-json\/wp\/v2\/media?parent=123"}],"wp:term":[{"taxonomy":"product_cat","embeddable":true,"href":"https:\/\/oxilive.com.mx\/index.php\/wp-json\/wp\/v2\/product_cat?post=123"},{"taxonomy":"product_tag","embeddable":true,"href":"https:\/\/oxilive.com.mx\/index.php\/wp-json\/wp\/v2\/product_tag?post=123"}],"curies":[{"name":"wp","href":"https:\/\/api.w.org\/{rel}","templated":true}]}}