{"id":128,"date":"2019-09-28T13:34:46","date_gmt":"2019-09-28T13:34:46","guid":{"rendered":"https:\/\/oxilive.com.mx\/index.php\/product\/sennheiser-momentum-airphone\/"},"modified":"2021-09-03T14:53:53","modified_gmt":"2021-09-03T14:53:53","slug":"airfitn10","status":"publish","type":"product","link":"https:\/\/oxilive.com.mx\/index.php\/product\/airfitn10\/","title":{"rendered":"AirFit N10"},"content":{"rendered":"<h4>Cubre nariz | AirFit\u2122 F20 | Ajuste Universal | M\u00e1scara nasal | Almohada de silicona<\/h4>\n<p>La AirFit N10 es la primera generaci\u00f3n de m\u00e1scaras de la popular familia AirFit<\/p>\n","protected":false},"excerpt":{"rendered":"<p>La AirFit N10 es la primera generaci\u00f3n de m\u00e1scaras de la popular familia AirFit<\/p>\n","protected":false},"featured_media":402,"comment_status":"open","ping_status":"closed","template":"","meta":[],"product_cat":[29,28],"product_tag":[24],"class_list":{"0":"post-128","1":"product","2":"type-product","3":"status-publish","4":"has-post-thumbnail","6":"product_cat-cpap","7":"product_cat-mascarillas","8":"product_tag-shop-digital","10":"first","11":"instock","12":"sale","13":"taxable","14":"shipping-taxable","15":"purchasable","16":"product-type-simple"},"yoast_head":"<!-- This site is optimized with the Yoast SEO plugin v21.7 - https:\/\/yoast.com\/wordpress\/plugins\/seo\/ -->\n<title>AirFit N10 - Oxilive Ox\u00edgeno Medicinal a Domicilio<\/title>\n<meta name=\"robots\" content=\"index, follow, max-snippet:-1, max-image-preview:large, max-video-preview:-1\" \/>\n<link rel=\"canonical\" href=\"https:\/\/oxilive.com.mx\/index.php\/product\/airfitn10\/\" \/>\n<meta property=\"og:locale\" content=\"es_ES\" \/>\n<meta property=\"og:type\" content=\"article\" \/>\n<meta property=\"og:title\" content=\"AirFit N10 - Oxilive Ox\u00edgeno Medicinal a Domicilio\" \/>\n<meta property=\"og:description\" content=\"La AirFit N10 es la primera generaci\u00f3n de m\u00e1scaras de la popular familia AirFit\" \/>\n<meta property=\"og:url\" content=\"https:\/\/oxilive.com.mx\/index.php\/product\/airfitn10\/\" \/>\n<meta property=\"og:site_name\" content=\"Oxilive Ox\u00edgeno Medicinal a Domicilio\" \/>\n<meta property=\"article:publisher\" content=\"https:\/\/www.facebook.com\/OxiliveMx\" \/>\n<meta property=\"article:modified_time\" content=\"2021-09-03T14:53:53+00:00\" \/>\n<meta property=\"og:image\" content=\"https:\/\/oxilive.com.mx\/wp-content\/uploads\/2019\/09\/AirFitN10_featured_2-1024x1024.png\" \/>\n\t<meta property=\"og:image:width\" content=\"1024\" \/>\n\t<meta property=\"og:image:height\" content=\"1024\" \/>\n\t<meta property=\"og:image:type\" content=\"image\/png\" \/>\n<meta name=\"twitter:card\" content=\"summary_large_image\" \/>\n<script type=\"application\/ld+json\" class=\"yoast-schema-graph\">{\"@context\":\"https:\/\/schema.org\",\"@graph\":[{\"@type\":\"WebPage\",\"@id\":\"https:\/\/oxilive.com.mx\/index.php\/product\/airfitn10\/\",\"url\":\"https:\/\/oxilive.com.mx\/index.php\/product\/airfitn10\/\",\"name\":\"AirFit N10 - Oxilive Ox\u00edgeno Medicinal a Domicilio\",\"isPartOf\":{\"@id\":\"https:\/\/oxilive.com.mx\/#website\"},\"datePublished\":\"2019-09-28T13:34:46+00:00\",\"dateModified\":\"2021-09-03T14:53:53+00:00\",\"breadcrumb\":{\"@id\":\"https:\/\/oxilive.com.mx\/index.php\/product\/airfitn10\/#breadcrumb\"},\"inLanguage\":\"es\",\"potentialAction\":[{\"@type\":\"ReadAction\",\"target\":[\"https:\/\/oxilive.com.mx\/index.php\/product\/airfitn10\/\"]}]},{\"@type\":\"BreadcrumbList\",\"@id\":\"https:\/\/oxilive.com.mx\/index.php\/product\/airfitn10\/#breadcrumb\",\"itemListElement\":[{\"@type\":\"ListItem\",\"position\":1,\"name\":\"Portada\",\"item\":\"https:\/\/oxilive.com.mx\/\"},{\"@type\":\"ListItem\",\"position\":2,\"name\":\"Shop\",\"item\":\"https:\/\/oxilive.com.mx\/index.php\/shop-2\/\"},{\"@type\":\"ListItem\",\"position\":3,\"name\":\"AirFit N10\"}]},{\"@type\":\"WebSite\",\"@id\":\"https:\/\/oxilive.com.mx\/#website\",\"url\":\"https:\/\/oxilive.com.mx\/\",\"name\":\"Oxilive Ox\u00edgeno Medicinal a Domicilio\",\"description\":\"Entregas hasta en 90 minutos\",\"publisher\":{\"@id\":\"https:\/\/oxilive.com.mx\/#organization\"},\"potentialAction\":[{\"@type\":\"SearchAction\",\"target\":{\"@type\":\"EntryPoint\",\"urlTemplate\":\"https:\/\/oxilive.com.mx\/?s={search_term_string}\"},\"query-input\":\"required name=search_term_string\"}],\"inLanguage\":\"es\"},{\"@type\":\"Organization\",\"@id\":\"https:\/\/oxilive.com.mx\/#organization\",\"name\":\"Oxilive M\u00e9xico\",\"url\":\"https:\/\/oxilive.com.mx\/\",\"logo\":{\"@type\":\"ImageObject\",\"inLanguage\":\"es\",\"@id\":\"https:\/\/oxilive.com.mx\/#\/schema\/logo\/image\/\",\"url\":\"https:\/\/oxilive.com.mx\/wp-content\/uploads\/2022\/02\/LOGO-OXILIVE-HORIZO_Mesa-de-trabajo-1.png\",\"contentUrl\":\"https:\/\/oxilive.com.mx\/wp-content\/uploads\/2022\/02\/LOGO-OXILIVE-HORIZO_Mesa-de-trabajo-1.png\",\"width\":6775,\"height\":2742,\"caption\":\"Oxilive M\u00e9xico\"},\"image\":{\"@id\":\"https:\/\/oxilive.com.mx\/#\/schema\/logo\/image\/\"},\"sameAs\":[\"https:\/\/www.facebook.com\/OxiliveMx\",\"https:\/\/www.instagram.com\/oxilivemx\/\"]}]}<\/script>\n<!-- \/ Yoast SEO plugin. -->","yoast_head_json":{"title":"AirFit N10 - Oxilive Ox\u00edgeno Medicinal a Domicilio","robots":{"index":"index","follow":"follow","max-snippet":"max-snippet:-1","max-image-preview":"max-image-preview:large","max-video-preview":"max-video-preview:-1"},"canonical":"https:\/\/oxilive.com.mx\/index.php\/product\/airfitn10\/","og_locale":"es_ES","og_type":"article","og_title":"AirFit N10 - Oxilive Ox\u00edgeno Medicinal a Domicilio","og_description":"La AirFit N10 es la primera generaci\u00f3n de m\u00e1scaras de la popular familia AirFit","og_url":"https:\/\/oxilive.com.mx\/index.php\/product\/airfitn10\/","og_site_name":"Oxilive Ox\u00edgeno Medicinal a Domicilio","article_publisher":"https:\/\/www.facebook.com\/OxiliveMx","article_modified_time":"2021-09-03T14:53:53+00:00","og_image":[{"width":1024,"height":1024,"url":"https:\/\/oxilive.com.mx\/wp-content\/uploads\/2019\/09\/AirFitN10_featured_2-1024x1024.png","type":"image\/png"}],"twitter_card":"summary_large_image","schema":{"@context":"https:\/\/schema.org","@graph":[{"@type":"WebPage","@id":"https:\/\/oxilive.com.mx\/index.php\/product\/airfitn10\/","url":"https:\/\/oxilive.com.mx\/index.php\/product\/airfitn10\/","name":"AirFit N10 - Oxilive Ox\u00edgeno Medicinal a Domicilio","isPartOf":{"@id":"https:\/\/oxilive.com.mx\/#website"},"datePublished":"2019-09-28T13:34:46+00:00","dateModified":"2021-09-03T14:53:53+00:00","breadcrumb":{"@id":"https:\/\/oxilive.com.mx\/index.php\/product\/airfitn10\/#breadcrumb"},"inLanguage":"es","potentialAction":[{"@type":"ReadAction","target":["https:\/\/oxilive.com.mx\/index.php\/product\/airfitn10\/"]}]},{"@type":"BreadcrumbList","@id":"https:\/\/oxilive.com.mx\/index.php\/product\/airfitn10\/#breadcrumb","itemListElement":[{"@type":"ListItem","position":1,"name":"Portada","item":"https:\/\/oxilive.com.mx\/"},{"@type":"ListItem","position":2,"name":"Shop","item":"https:\/\/oxilive.com.mx\/index.php\/shop-2\/"},{"@type":"ListItem","position":3,"name":"AirFit N10"}]},{"@type":"WebSite","@id":"https:\/\/oxilive.com.mx\/#website","url":"https:\/\/oxilive.com.mx\/","name":"Oxilive Ox\u00edgeno Medicinal a Domicilio","description":"Entregas hasta en 90 minutos","publisher":{"@id":"https:\/\/oxilive.com.mx\/#organization"},"potentialAction":[{"@type":"SearchAction","target":{"@type":"EntryPoint","urlTemplate":"https:\/\/oxilive.com.mx\/?s={search_term_string}"},"query-input":"required name=search_term_string"}],"inLanguage":"es"},{"@type":"Organization","@id":"https:\/\/oxilive.com.mx\/#organization","name":"Oxilive M\u00e9xico","url":"https:\/\/oxilive.com.mx\/","logo":{"@type":"ImageObject","inLanguage":"es","@id":"https:\/\/oxilive.com.mx\/#\/schema\/logo\/image\/","url":"https:\/\/oxilive.com.mx\/wp-content\/uploads\/2022\/02\/LOGO-OXILIVE-HORIZO_Mesa-de-trabajo-1.png","contentUrl":"https:\/\/oxilive.com.mx\/wp-content\/uploads\/2022\/02\/LOGO-OXILIVE-HORIZO_Mesa-de-trabajo-1.png","width":6775,"height":2742,"caption":"Oxilive M\u00e9xico"},"image":{"@id":"https:\/\/oxilive.com.mx\/#\/schema\/logo\/image\/"},"sameAs":["https:\/\/www.facebook.com\/OxiliveMx","https:\/\/www.instagram.com\/oxilivemx\/"]}]}},"_links":{"self":[{"href":"https:\/\/oxilive.com.mx\/index.php\/wp-json\/wp\/v2\/product\/128","targetHints":{"allow":["GET"]}}],"collection":[{"href":"https:\/\/oxilive.com.mx\/index.php\/wp-json\/wp\/v2\/product"}],"about":[{"href":"https:\/\/oxilive.com.mx\/index.php\/wp-json\/wp\/v2\/types\/product"}],"replies":[{"embeddable":true,"href":"https:\/\/oxilive.com.mx\/index.php\/wp-json\/wp\/v2\/comments?post=128"}],"wp:featuredmedia":[{"embeddable":true,"href":"https:\/\/oxilive.com.mx\/index.php\/wp-json\/wp\/v2\/media\/402"}],"wp:attachment":[{"href":"https:\/\/oxilive.com.mx\/index.php\/wp-json\/wp\/v2\/media?parent=128"}],"wp:term":[{"taxonomy":"product_cat","embeddable":true,"href":"https:\/\/oxilive.com.mx\/index.php\/wp-json\/wp\/v2\/product_cat?post=128"},{"taxonomy":"product_tag","embeddable":true,"href":"https:\/\/oxilive.com.mx\/index.php\/wp-json\/wp\/v2\/product_tag?post=128"}],"curies":[{"name":"wp","href":"https:\/\/api.w.org\/{rel}","templated":true}]}}